{"id":62,"date":"2026-04-04T07:14:47","date_gmt":"2026-04-04T07:14:47","guid":{"rendered":"https:\/\/thcs-transcare.eu\/?page_id=62"},"modified":"2026-04-22T12:49:23","modified_gmt":"2026-04-22T12:49:23","slug":"transcare-romanian-romana","status":"publish","type":"page","link":"https:\/\/thcs-transcare.eu\/?page_id=62","title":{"rendered":"TransCare: Romanian \u2013 Rom\u00e2na"},"content":{"rendered":"<h4>Noi c\u0103i de \u00eengrijire pentru sprijinirea tranzi\u021biei de la spitale la domiciliu folosind IA \u0219i asisten\u021b\u0103 digital\u0103 personalizat\u0103<\/h4>\n<p>Proiectul de cercetare TransCare coordonat de\u00a0<strong>Universitatea Tehnic\u0103 din Cluj-Napoca<\/strong>\u00a0<a href=\"https:\/\/www.utcluj.ro\/en\/\" target=\"_blank\" rel=\"noopener\"><strong>(UTCN)<\/strong><\/a>\u00a0va fi implementat pe durata a 36 luni (Mai 2024 \u2013 Aprilie 2027) si are un buget total de aproximativ 2.1 milioane de Euro. Pe l\u00e2ng\u0103 partenerii din Norvegia (Tellu, Karde, Farsund) si Italia (IRCCS INRCA), in cadrul consor\u021biului reg\u0103sim si\u00a0<strong>Institutul Inimii \u201eNiculae St\u0103ncioiu\u201d Cluj-Napoca (<\/strong><strong><u><a href=\"https:\/\/www.institutulinimii.ro\/\" target=\"_blank\" rel=\"noopener\">IINS<\/a><\/u><\/strong><strong>)<\/strong>\u00a0din Romania in cadrul c\u0103ruia vor fi realizate activit\u0103\u021bi de evaluare si validare a solu\u021biilor dezvoltate in cadrul proiectului. TransCare este cofinan\u021bat de Uniunea European\u0103 prin intermediul programului\u00a0<strong>Transforming Health and Care Systems (<\/strong><strong><u><a href=\"https:\/\/www.thcspartnership.eu\/\" target=\"_blank\" rel=\"noopener\">THCS<\/a><\/u><\/strong><strong>)<\/strong>\u00a0\u0219i de\u00a0<strong>Unitatea Executiv\u0103 pentru Finan\u021barea \u00cenv\u0103\u021b\u0103m\u00e2ntului Superior, a Cercet\u0103rii, Dezvolt\u0103rii \u0219i Inov\u0103rii (<\/strong><strong><u><a href=\"https:\/\/uefiscdi.gov.ro\/\" target=\"_blank\" rel=\"noopener\">UEFISCDI<\/a><\/u><\/strong><strong>)<\/strong>\u00a0din Romania prin intermediu programului ERANET.<\/p>\n<p>\u200bIn cadrul UTCN, proiectul va fi implementat de un grup de cercet\u0103tori din cadrul\u00a0<strong>Laboratorului de Cercetare \u00een Sisteme Distribuite (<\/strong><strong><u><a href=\"https:\/\/dsrl.eu\/\" target=\"_blank\" rel=\"noopener\">DSRL<\/a><\/u><\/strong><strong>)<\/strong>\u00a0din Departamentul de Calculatoare, Facultatea de Automatic\u0103 \u0219i Calculatoare. Fondat \u00een urm\u0103 cu peste 20 de ani, laboratorul desf\u0103\u0219oar\u0103 activit\u0103\u021bi de cercetare \u00een mai multe domenii conectate cu sistemele distribuite, cum ar fi inteligen\u021ba ambiental\u0103, eHealth, blockchain, re\u021bele de energie inteligente, \u00eenv\u0103\u021barea automat\u0103 \u0219i optimizare multidisciplinar\u0103. Rolul DSRL este de a dezvolta tehnici si algoritmi de \u00eenv\u0103\u021bare automata pentru a oferi suport medicilor in monitorizarea la distanta a pacien\u021bilor si pentru optimizarea procesului de luare a deciziilor.<\/p>\n<p>\u200b<strong>\u00cengrijirea pacientilor dupa externare<\/strong>\u00a0va juca un rol vital \u00een sistemul de s\u0103n\u0103tate al Europei \u00een viitor pentru a aborda eficient cererea cresc\u00e2nd\u0103 de servicii medicale \u0219i de spitalizare. Este crucial s\u0103 integr\u0103m solu\u021bii si tehnologii inovative pentru a u\u0219ura presiunea asupra spitalelor si a centrelor de ingrijire \u0219i pentru a asigura pacien\u021bilor cu comorbidit\u0103\u021bi o tranzi\u021bie lin\u0103 \u0219i coordonat\u0103 la domiciliu \u0219i a evita reinternarea.\u00a0<strong>Obiectivul principal al proiectului<\/strong>\u00a0TransCare este de a aborda provoc\u0103rile identificate \u00een implementarea \u00eengrijirii tranzitorii asistate de tehnologie, prin dezvoltarea de solu\u021bii moderne (inteligenta artificiala, internetul lucrurilor, analiza date, asistenta digitala, etc.) lu\u00e2nd \u00een considerare contextele specifice ale diferitelor sisteme de s\u0103n\u0103tate din Europa, precum \u0219i diferite tipuri de modele de comorbidit\u0103\u021bi. Obiectivele suport includ: (i) studierea modului \u00een care c\u0103ile de \u00eengrijire vor trebui reproiectate pentru a permite integrarea \u0219i utilizarea tehnologiilor \u00een diferite medii, oferind cuno\u0219tin\u021bele necesare pentru relocarea \u00eengrijirii de la spital la domiciliu; (ii) organizarea \u0219i desf\u0103\u0219urarea de studii longitudinale pentru a evalua poten\u021bialul tehnologiei de a reduce rata reintern\u0103rii; (iii) dezvoltarea, adaptarea \u0219i scalarea tehnologiei necesare pentru \u00eengrijirea tranzitorie, lu\u00e2nd \u00een considerare diferitele contexte \u00een care vor fi efectuate studiile.<\/p>\n<p>\u200b<strong>TransCare urm\u0103re\u0219te s\u0103 \u00eembun\u0103t\u0103\u021beasc\u0103 \u00eengrijirea tranzitorie prin<\/strong>: (i) eficienta sporita prin furnizarea infrastructurii pentru monitorizarea la distan\u021b\u0103 a pacientului \u0219i a aderen\u021bei la tratament, (ii) suport prin oferirea de asisten\u021b\u0103 digital\u0103 bazat\u0103 pe comunica\u021bie virtual\u0103 \u0219i coordonare pentru interven\u021bii proactive \u0219i personalizate (iii), \u00eengrijire la timp datorit\u0103 detec\u021biei proactive asistate de inteligenta artificiala a lipsei de aderen\u021b\u0103 post-externare care duce la rezultate mai bune, \u0219i c\u0103i de \u00eengrijire mai eficiente \u0219i (iv) sporirea siguran\u021bei procesului de \u00eengrijire. \u00cen plus,\u00a0<strong>TransCare va ajuta la<\/strong>\u00a0construirea cuno\u0219tin\u021belor esen\u021biale necesare pentru\u00a0<strong>reproiectarea c\u0103ilor de \u00eengrijire<\/strong>\u00a0ale pacien\u021bilor pentru a facilita integrarea f\u0103r\u0103 probleme a tehnologiei \u00een diferite medii de \u00eengrijire medical\u0103, lu\u00e2nd \u00een considerare rolurile \u0219i responsabilit\u0103\u021bile furnizorilor de servicii medicale, modelele de plat\u0103 \u0219i stimularea entit\u0103\u021bilor implicate.<\/p>\n","protected":false},"excerpt":{"rendered":"<p>Noi c\u0103i de \u00eengrijire pentru sprijinirea tranzi\u021biei de la spitale la domiciliu folosind IA \u0219i asisten\u021b\u0103 digital\u0103 personalizat\u0103 Proiectul de cercetare TransCare coordonat de\u00a0Universitatea Tehnic\u0103 din Cluj-Napoca\u00a0(UTCN)\u00a0va fi implementat pe durata a 36 luni (Mai 2024 \u2013 Aprilie 2027) si are un buget total de aproximativ 2.1 milioane de Euro. Pe l\u00e2ng\u0103 partenerii din Norvegia [&hellip;]<\/p>\n","protected":false},"author":1,"featured_media":0,"parent":0,"menu_order":0,"comment_status":"closed","ping_status":"closed","template":"","meta":{"footnotes":""},"class_list":["post-62","page","type-page","status-publish","hentry"],"_links":{"self":[{"href":"https:\/\/thcs-transcare.eu\/index.php?rest_route=\/wp\/v2\/pages\/62","targetHints":{"allow":["GET"]}}],"collection":[{"href":"https:\/\/thcs-transcare.eu\/index.php?rest_route=\/wp\/v2\/pages"}],"about":[{"href":"https:\/\/thcs-transcare.eu\/index.php?rest_route=\/wp\/v2\/types\/page"}],"author":[{"embeddable":true,"href":"https:\/\/thcs-transcare.eu\/index.php?rest_route=\/wp\/v2\/users\/1"}],"replies":[{"embeddable":true,"href":"https:\/\/thcs-transcare.eu\/index.php?rest_route=%2Fwp%2Fv2%2Fcomments&post=62"}],"version-history":[{"count":0,"href":"https:\/\/thcs-transcare.eu\/index.php?rest_route=\/wp\/v2\/pages\/62\/revisions"}],"wp:attachment":[{"href":"https:\/\/thcs-transcare.eu\/index.php?rest_route=%2Fwp%2Fv2%2Fmedia&parent=62"}],"curies":[{"name":"wp","href":"https:\/\/api.w.org\/{rel}","templated":true}]}}