{"id":63,"date":"2026-04-04T07:17:57","date_gmt":"2026-04-04T07:17:57","guid":{"rendered":"https:\/\/thcs-transcare.eu\/?page_id=63"},"modified":"2026-04-22T12:49:59","modified_gmt":"2026-04-22T12:49:59","slug":"transcare-norwegian-norsk","status":"publish","type":"page","link":"https:\/\/thcs-transcare.eu\/?page_id=63","title":{"rendered":"TransCare: Norwegian &#8211; Norsk"},"content":{"rendered":"<h4>Nye pasientreiser for \u00e5 st\u00f8tte pleie fra sykehus til hjemmet ved hjelp av kunstig intelligens og personlig digital assistanse<\/h4>\n<p>THCS-prosjektet TransCare handler om \u00e5 forbedre pasientreisen mellom sykehus og hjemmet.<\/p>\n<p>Agder har i mange \u00e5r s\u00f8kt \u00e5 profesjonalisere og str\u00f8mlinjeforme pasientbehandlingen i sitt omr\u00e5de. De har opprettet en regional koordineringsgruppe som har helse som ett av sine hovedomr\u00e5der. De adresserer en aldrende befolkning og knapphet p\u00e5 helsepersonell. I perioden 2016-2020 gjennomf\u00f8rte Agder et prosjekt TELMA, delfinansiert av Forskningsr\u00e5det, som handlet om fjernoppf\u00f8lging av pasienter som allerede var utskrevet fra sykehuset og bodde hjemme. Fjernoppf\u00f8lgingen var basert p\u00e5 sensorobservasjoner og videosamtaler mellom pasient og sykehus. Pasientene led av kols, hjertesvikt, diabetes og psykiske lidelser.<\/p>\n<p>Karde og Tellu har en lang historikk p\u00e5 samarbeid i EU-prosjekter. I disse prosjektene har det v\u00e6rt et langvarig samarbeid med INRCA, det fremste instituttet i Italia for mild kognitiv svikt og demens og som ogs\u00e5 drifter sykehus. Det har ogs\u00e5 v\u00e6rt samarbeid med det tekniske rumenske universitet i Cluj-Napoca som har en internasjonal kjent aktivitet p\u00e5 kunstig intelligens og maskinl\u00e6ring. INRCA og Universitet i Cluj-Napoca er med TransCare-prosjektet sammen med en hjerteklinikk i Cluj-Napoca. Pasientreisene i Italia og Romania er ganske forskjellige fra de i Norge, bl.a. ved at p\u00e5r\u00f8rende spiller en mye st\u00f8rre rolle.<\/p>\n<p>De teknologiske l\u00f8sningene i TransCare vil utvikles av Karde (kommunikasjonsl\u00f8sningen) og Tellu (sensorl\u00f8sningen), og vil ogs\u00e5 bli brukt i Italia og Romania.<\/p>\n<p>Mange kommuner i Agder har anskaffet sensorbaserte overv\u00e5kningstjenester for \u00e5 underst\u00f8tte hjemmetjenesten. Tellu AS leverer i dag sensortjenestene i Agder. Farsund kommune, som var en viktig deltaker i TELMA, kj\u00f8rer sensorbaserte l\u00f8sninger fra Tellu, og har g\u00e5tt inn i TransCare-prosjektet som de tredje norske partneren.<\/p>\n<p>Pasientreisen mellom sykehus og hjemmet skal redesignes og forbedres slik at kommunen kan bruke f\u00e6rre personellressurser p\u00e5 oppf\u00f8lging av pasienten etter utskriving fra sykehuset samt at behovet for reinnleggelse skal reduseres. Dette skal gj\u00f8res ved hjelp av diagnosespesifikk sensorbasert overv\u00e5kning i hjemmet, kommunikasjonstjenester og maskinl\u00e6ring. Pasienten skal s\u00e5 langt som mulig greie seg selv hjemme uten hjemmehjelptjenester fra kommunen. Akt\u00f8rer er pasient, utskrivende sykehus, kommunale tjenesteytere og p\u00e5r\u00f8rende. Kommunikasjonsl\u00f8sningen, som baseres p\u00e5 Kardes Memas-system, vil i forhold til pasienten bl.a. inneholde selvrapportering samt informasjon om sykdommen\/diagnosen, r\u00e5d om kosthold og aktivitet for pasienten.<\/p>\n<p>TransCare-prosjektet vil legge til rette for kontinuitet i omsorgen for pasienter i overgangen fra sykehus til hjemmet. Vi vil vurdere eldre pasienter f\u00f8r utskrivelse for reinnleggelsesrisiko, fjernoverv\u00e5king av dagliglivets aktiviteter, vitale tegn, og medisiner for \u00e5 identifisere situasjoner som f\u00f8rer til reinnleggelse. Pasientene vil f\u00e5 personlige anbefalinger etter utskrivning hovedsakelig ved bruk av digitale assistenter.<\/p>\n<p>Maskinl\u00e6ringsmodellene kan analysere pasientenes dagligliv og helsedata som er innhentet ved hjelp av IoT-sensorer for \u00e5 identifisere m\u00f8nstre som ofte forekommer f\u00f8r sykehusreinnleggelser. Planen er \u00e5 levere proaktive intervensjoner og egenbehandlingsplanlegging for \u00e5 forhindre reinnleggelser og dermed forbedre overgangsprosessen mellom sykehus og hjemmet.<\/p>\n<p>I Norge i dag er det vanlig at kommunene drifter korttidsavdelinger som tar imot mange eldre pasienter fra sykehuset. Under korttidsoppholdet blir det vurdert hvilke tjenester pasienten trenger n\u00e5r hun er frisk nok til \u00e5 komme hjem. Noen kommuner har egne avklaringsavdelinger som avgj\u00f8r om pasienten m\u00e5 p\u00e5 korttidsopphold aller kan sendes rett hjem.<\/p>\n<p>Ambisjonen i TransCare, og for Farsund kommune som er med i prosjektet, er at b\u00e5de korttidsavdelinger og avklaringsavdelinger kan erstattes av elektroniske l\u00f8sninger.<\/p>\n","protected":false},"excerpt":{"rendered":"<p>Nye pasientreiser for \u00e5 st\u00f8tte pleie fra sykehus til hjemmet ved hjelp av kunstig intelligens og personlig digital assistanse THCS-prosjektet TransCare handler om \u00e5 forbedre pasientreisen mellom sykehus og hjemmet. Agder har i mange \u00e5r s\u00f8kt \u00e5 profesjonalisere og str\u00f8mlinjeforme pasientbehandlingen i sitt omr\u00e5de. De har opprettet en regional koordineringsgruppe som har helse som ett [&hellip;]<\/p>\n","protected":false},"author":1,"featured_media":0,"parent":0,"menu_order":0,"comment_status":"closed","ping_status":"closed","template":"","meta":{"footnotes":""},"class_list":["post-63","page","type-page","status-publish","hentry"],"_links":{"self":[{"href":"https:\/\/thcs-transcare.eu\/index.php?rest_route=\/wp\/v2\/pages\/63","targetHints":{"allow":["GET"]}}],"collection":[{"href":"https:\/\/thcs-transcare.eu\/index.php?rest_route=\/wp\/v2\/pages"}],"about":[{"href":"https:\/\/thcs-transcare.eu\/index.php?rest_route=\/wp\/v2\/types\/page"}],"author":[{"embeddable":true,"href":"https:\/\/thcs-transcare.eu\/index.php?rest_route=\/wp\/v2\/users\/1"}],"replies":[{"embeddable":true,"href":"https:\/\/thcs-transcare.eu\/index.php?rest_route=%2Fwp%2Fv2%2Fcomments&post=63"}],"version-history":[{"count":0,"href":"https:\/\/thcs-transcare.eu\/index.php?rest_route=\/wp\/v2\/pages\/63\/revisions"}],"wp:attachment":[{"href":"https:\/\/thcs-transcare.eu\/index.php?rest_route=%2Fwp%2Fv2%2Fmedia&parent=63"}],"curies":[{"name":"wp","href":"https:\/\/api.w.org\/{rel}","templated":true}]}}